{"id":1367,"date":"2023-07-05T08:07:29","date_gmt":"2023-07-05T08:07:29","guid":{"rendered":"https:\/\/jardinevents.com\/legal-note\/"},"modified":"2023-07-05T09:24:42","modified_gmt":"2023-07-05T09:24:42","slug":"legal-note","status":"publish","type":"page","link":"https:\/\/jardinevents.com\/en\/legal-note\/","title":{"rendered":"Legal note"},"content":{"rendered":"\t\t<div data-elementor-type=\"wp-page\" data-elementor-id=\"1367\" class=\"elementor elementor-1367 elementor-1345\" data-elementor-post-type=\"page\">\n\t\t\t\t\t\t<section class=\"elementor-section elementor-top-section elementor-element elementor-element-1d08bf19 elementor-section-boxed elementor-section-height-default elementor-section-height-default\" data-id=\"1d08bf19\" data-element_type=\"section\" data-e-type=\"section\">\n\t\t\t\t\t\t<div class=\"elementor-container elementor-column-gap-default\">\n\t\t\t\t\t<div class=\"elementor-column elementor-col-100 elementor-top-column elementor-element elementor-element-3c57520c\" data-id=\"3c57520c\" data-element_type=\"column\" data-e-type=\"column\">\n\t\t\t<div class=\"elementor-widget-wrap elementor-element-populated\">\n\t\t\t\t\t\t<div class=\"elementor-element elementor-element-73867702 elementor-widget elementor-widget-spacer\" data-id=\"73867702\" data-element_type=\"widget\" data-e-type=\"widget\" data-widget_type=\"spacer.default\">\n\t\t\t\t<div class=\"elementor-widget-container\">\n\t\t\t\t\t\t\t<div class=\"elementor-spacer\">\n\t\t\t<div class=\"elementor-spacer-inner\"><\/div>\n\t\t<\/div>\n\t\t\t\t\t\t<\/div>\n\t\t\t\t<\/div>\n\t\t\t\t\t<\/div>\n\t\t<\/div>\n\t\t\t\t\t<\/div>\n\t\t<\/section>\n\t\t\t\t<section class=\"elementor-section elementor-top-section elementor-element elementor-element-33d051b7 elementor-section-boxed elementor-section-height-default elementor-section-height-default\" data-id=\"33d051b7\" data-element_type=\"section\" data-e-type=\"section\">\n\t\t\t\t\t\t<div class=\"elementor-container elementor-column-gap-default\">\n\t\t\t\t\t<div class=\"elementor-column elementor-col-100 elementor-top-column elementor-element elementor-element-72bb929e\" data-id=\"72bb929e\" data-element_type=\"column\" data-e-type=\"column\">\n\t\t\t<div class=\"elementor-widget-wrap elementor-element-populated\">\n\t\t\t\t\t\t<div class=\"elementor-element elementor-element-4b98e731 elementor-invisible elementor-widget elementor-widget-heading\" data-id=\"4b98e731\" data-element_type=\"widget\" data-e-type=\"widget\" data-settings=\"{&quot;_animation&quot;:&quot;fadeInUp&quot;}\" data-widget_type=\"heading.default\">\n\t\t\t\t<div class=\"elementor-widget-container\">\n\t\t\t\t\t<h2 class=\"elementor-heading-title elementor-size-default\">Legal note\n<\/h2>\t\t\t\t<\/div>\n\t\t\t\t<\/div>\n\t\t\t\t<div class=\"elementor-element elementor-element-3e55c604 elementor-invisible elementor-widget elementor-widget-text-editor\" data-id=\"3e55c604\" data-element_type=\"widget\" data-e-type=\"widget\" data-settings=\"{&quot;_animation&quot;:&quot;fadeInUp&quot;}\" data-widget_type=\"text-editor.default\">\n\t\t\t\t<div class=\"elementor-widget-container\">\n\t\t\t\t\t\t\t\t\t<p class=\"p1\">Privacy Policy on social networks<\/p>\n<p class=\"p2\">In accordance with the provisions of Law 15\/1999, dated 13 December, on Personal Data Protection (LOPD), and Law 34\/2002, dated 11 July, on Information Society and Electronic Commerce Services (LSSI-CE), FAMILY CASTRO &amp; MARTIN SL hereby notifies its users that it has created a page on the Social Network Facebook, Twitter for the main purpose of advertising its products and services.<\/p>\n<p class=\"p1\">FAMILY CASTRO &amp; MARTIN SL<\/p>\n<p class=\"p2\">B07772809<br \/>TRITON SN 07400, ALCUDIA (ILLES BALEARS)<br \/><a href=\"mailto:info@macadecastro.com\"><span class=\"s1\">info@macadecastro.com<\/span><\/a><br \/><a href=\"https:\/\/restaurantejardin.com\/\" target=\"_blank\" rel=\"noopener\"><span class=\"s1\">www.grupodecastro.com<\/span><\/a><\/p>\n<p class=\"p2\">The user has a profile on the afore-mentioned Social Network and has decided to join the page created by FAMILY CASTRO &amp; MARTIN SL, thus expressing interest in the information that is advertised on the Social Network. By joining our page, you authorise us to process the personal data published on your profile.<\/p>\n<p class=\"p2\">Users can access the Social Network privacy policy at any time, and can set their profiles to ensure user privacy.<\/p>\n<p class=\"p2\">FAMILY CASTRO &amp; MARTIN SL has access to and can process the user&#8217;s public information, especially their contact name. These data are only used within the Social Network. They are not stored in any file.<\/p>\n<p class=\"p2\">In relation to the rights of access, cancellation, rectification and opposition, available to users and which can be exercised as regards FAMILY CASTRO &amp; MARTIN SL, in accordance with LOPD, please note the following indications:<\/p>\n<p class=\"p2\">Access: defined by the Social Network functionality and the ability to access user profile information.<\/p>\n<p class=\"p2\">Rectification: can only be implemented in relation to information that is controlled by FAMILY CASTRO &amp; MARTIN SL, for example, deletion of comments posted on the page. This right must normally be exercised directly through the Social Network.<\/p>\n<p class=\"p2\">Cancellation\/opposition: as in the previous case, this can only be implemented in relation to information that is controlled by FAMILY CASTRO &amp; MARTIN SL, for example, ending the user connection with the profile.<\/p>\n<p class=\"p2\">FAMILY CASTRO &amp; MARTIN SL will implement the following actions:<\/p>\n<p class=\"p2\">Access to public information of profile. Publication of all information on the user profile that is already published on the FAMILY CASTRO &amp; MARTIN SL page. Sending personal and individual messages through Social Network channels. Updates of the page status that will be published on the user profile.<\/p>\n<p class=\"p2\">The user can always monitor their connections, remove contents that are no longer of interest and restrict who shares their connections; to do this users must go to their privacy settings.<\/p>\n<p class=\"p1\">Publicaciones<\/p>\n<p class=\"p2\">El usuario, una vez unido a la p\u00e1gina de FAMILY CASTRO &amp; MARTIN SL, podr\u00e1 publicar en \u00e9sta \u00faltima comentarios, enlaces, im\u00e1genes o fotograf\u00edas o cualquier otro tipo de contenido multimedia soportado por la Red Social. El usuario, en todos los casos, debe ser el titular de los mismos, gozar de los derechos de autor y de propiedad intelectual o contar con el consentimiento de los terceros afectados. Se proh\u00edbe expresamente cualquier publicaci\u00f3n en la p\u00e1gina, ya sean textos, gr\u00e1ficos, fotograf\u00edas, v\u00eddeos, etc. que atenten o sean susceptibles de atentar contra la moral, la \u00e9tica, el buen gusto o el decoro, y\/o que infrinjan, violen o quebranten los derechos de propiedad intelectual o industrial, el derecho a la imagen o la Ley. En estos casos, FAMILY CASTRO &amp; MARTIN SL se reserva el derecho a retirar de inmediato el contenido, pudiendo solicitar el bloqueo permanente del usuario.<\/p>\n<p class=\"p2\">FAMILY CASTRO &amp; MARTIN SL no se har\u00e1 responsable de los contenidos que libremente ha publicado un usuario. El usuario debe tener presente que sus publicaciones ser\u00e1n conocidas por los otros usuarios, por lo que \u00e9l mismo es el principal responsable de su privacidad.<\/p>\n<p class=\"p2\">Las im\u00e1genes que puedan publicarse en la p\u00e1gina no ser\u00e1n almacenadas en ning\u00fan fichero por parte de FAMILY CASTRO &amp; MARTIN SL, pero s\u00ed que permanecer\u00e1n en la Red Social.<\/p>\n<p class=\"p1\">Concursos y promociones<\/p>\n<p class=\"p2\">FAMILY CASTRO &amp; MARTIN SL se reserva el derecho a realizar concursos y promociones, en los que podr\u00e1 participar el usuario unido a su p\u00e1gina. Las bases de cada uno de ellos, cuando se utilice para ello la plataforma de la Red Social, ser\u00e1n publicadas en la misma. Cumpliendo siempre con la LSSI-CE y con cualquier otra norma que le sea de aplicaci\u00f3n.<\/p>\n<p class=\"p2\">La Red Social no patrocina, avala ni administra, de modo alguno, ninguna de nuestras promociones, ni est\u00e1 asociada a ninguna de ellas.<\/p>\n<p class=\"p1\">Publicidad<\/p>\n<p class=\"p2\">FAMILY CASTRO &amp; MARTIN SL utilizar\u00e1 la Red Social para publicitar sus productos y servicios, en todo caso, si decide tratar sus datos de contacto para realizar acciones directas de prospecci\u00f3n comercial, ser\u00e1 siempre, cumpliendo con las exigencias legales de la LOPD y de la LSSI-CE.<\/p>\n<p class=\"p2\">No se considerar\u00e1 publicidad el hecho de recomendar a otros usuarios la p\u00e1gina de FAMILY CASTRO &amp; MARTIN SL para que tambi\u00e9n ellos puedan disfrutar de las promociones o estar informados de su actividad.<\/p>\n<p class=\"p2\">A continuaci\u00f3n detallamos el enlace a la pol\u00edtica de privacidad de la Red Social:<\/p>\n<p class=\"p2\">Facebook: https:\/\/www.facebook.com\/help\/323540651073243\/<br \/>Twitter: https:\/\/twitter.com\/privacy<\/p>\n\t\t\t\t\t\t\t\t<\/div>\n\t\t\t\t<\/div>\n\t\t\t\t\t<\/div>\n\t\t<\/div>\n\t\t\t\t\t<\/div>\n\t\t<\/section>\n\t\t\t\t<section class=\"elementor-section elementor-top-section elementor-element elementor-element-ed9ceb3 elementor-section-boxed elementor-section-height-default elementor-section-height-default\" data-id=\"ed9ceb3\" data-element_type=\"section\" data-e-type=\"section\">\n\t\t\t\t\t\t<div class=\"elementor-container elementor-column-gap-default\">\n\t\t\t\t\t<div class=\"elementor-column elementor-col-100 elementor-top-column elementor-element elementor-element-14d1923e\" data-id=\"14d1923e\" data-element_type=\"column\" data-e-type=\"column\">\n\t\t\t<div class=\"elementor-widget-wrap elementor-element-populated\">\n\t\t\t\t\t\t<div class=\"elementor-element elementor-element-1b0b622e elementor-widget elementor-widget-spacer\" data-id=\"1b0b622e\" data-element_type=\"widget\" data-e-type=\"widget\" data-widget_type=\"spacer.default\">\n\t\t\t\t<div class=\"elementor-widget-container\">\n\t\t\t\t\t\t\t<div class=\"elementor-spacer\">\n\t\t\t<div class=\"elementor-spacer-inner\"><\/div>\n\t\t<\/div>\n\t\t\t\t\t\t<\/div>\n\t\t\t\t<\/div>\n\t\t\t\t\t<\/div>\n\t\t<\/div>\n\t\t\t\t\t<\/div>\n\t\t<\/section>\n\t\t\t\t<\/div>\n\t\t","protected":false},"excerpt":{"rendered":"<p>Legal note Privacy Policy on social networks In accordance with the provisions of Law 15\/1999, dated 13 December, on Personal Data Protection (LOPD), and Law 34\/2002, dated 11 July, on Information Society and Electronic Commerce Services (LSSI-CE), FAMILY CASTRO &amp; MARTIN SL hereby notifies its users that it has created a page on the Social [&hellip;]<\/p>\n","protected":false},"author":1,"featured_media":0,"parent":0,"menu_order":0,"comment_status":"closed","ping_status":"closed","template":"","meta":{"footnotes":""},"class_list":["post-1367","page","type-page","status-publish","hentry"],"_links":{"self":[{"href":"https:\/\/jardinevents.com\/en\/wp-json\/wp\/v2\/pages\/1367","targetHints":{"allow":["GET"]}}],"collection":[{"href":"https:\/\/jardinevents.com\/en\/wp-json\/wp\/v2\/pages"}],"about":[{"href":"https:\/\/jardinevents.com\/en\/wp-json\/wp\/v2\/types\/page"}],"author":[{"embeddable":true,"href":"https:\/\/jardinevents.com\/en\/wp-json\/wp\/v2\/users\/1"}],"replies":[{"embeddable":true,"href":"https:\/\/jardinevents.com\/en\/wp-json\/wp\/v2\/comments?post=1367"}],"version-history":[{"count":4,"href":"https:\/\/jardinevents.com\/en\/wp-json\/wp\/v2\/pages\/1367\/revisions"}],"predecessor-version":[{"id":1371,"href":"https:\/\/jardinevents.com\/en\/wp-json\/wp\/v2\/pages\/1367\/revisions\/1371"}],"wp:attachment":[{"href":"https:\/\/jardinevents.com\/en\/wp-json\/wp\/v2\/media?parent=1367"}],"curies":[{"name":"wp","href":"https:\/\/api.w.org\/{rel}","templated":true}]}}